{"id":3770,"date":"2022-10-10T17:27:37","date_gmt":"2022-10-10T14:27:37","guid":{"rendered":"https:\/\/apparatte.store\/havalandirma-sistemleri\/"},"modified":"2024-07-11T16:50:16","modified_gmt":"2024-07-11T13:50:16","slug":"ventilation-systems","status":"publish","type":"page","link":"https:\/\/volkanhavalandirma.com\/en\/ventilation-systems\/","title":{"rendered":"Ventilation Systems"},"content":{"rendered":"<p><div class=\"fusion-fullwidth fullwidth-box fusion-builder-row-1 fusion-flex-container has-pattern-background has-mask-background nonhundred-percent-fullwidth non-hundred-percent-height-scrolling\" style=\"--awb-border-radius-top-left:0px;--awb-border-radius-top-right:0px;--awb-border-radius-bottom-right:0px;--awb-border-radius-bottom-left:0px;--awb-padding-top:50px;--awb-flex-wrap:wrap;\" ><div class=\"fusion-builder-row fusion-row fusion-flex-align-items-flex-start fusion-flex-content-wrap\" style=\"max-width:1372.8px;margin-left: calc(-4% \/ 2 );margin-right: calc(-4% \/ 2 );\"><div class=\"fusion-layout-column fusion_builder_column fusion-builder-column-0 fusion_builder_column_1_2 1_2 fusion-flex-column\" style=\"--awb-bg-size:cover;--awb-width-large:50%;--awb-margin-top-large:0px;--awb-spacing-right-large:3.84%;--awb-margin-bottom-large:20px;--awb-spacing-left-large:3.84%;--awb-width-medium:50%;--awb-order-medium:0;--awb-spacing-right-medium:3.84%;--awb-spacing-left-medium:3.84%;--awb-width-small:100%;--awb-order-small:0;--awb-spacing-right-small:1.92%;--awb-spacing-left-small:1.92%;\"><div class=\"fusion-column-wrapper fusion-column-has-shadow fusion-flex-justify-content-flex-start fusion-content-layout-column\"><div class=\"fusion-image-element \" style=\"--awb-aspect-ratio: 100 \/ 90;--awb-object-position:52% 22%;--awb-caption-title-color:hsla(var(--awb-color1-h),var(--awb-color1-s),var(--awb-color1-l),calc(var(--awb-color1-a) - 100%));--awb-caption-overlay-color:hsla(var(--awb-color1-h),var(--awb-color1-s),calc(var(--awb-color1-l) - 100%),calc(var(--awb-color1-a) - 50%));--awb-caption-title-font-family:var(--h2_typography-font-family);--awb-caption-title-font-weight:var(--h2_typography-font-weight);--awb-caption-title-font-style:var(--h2_typography-font-style);--awb-caption-title-size:var(--h2_typography-font-size);--awb-caption-title-transform:var(--h2_typography-text-transform);--awb-caption-title-line-height:var(--h2_typography-line-height);--awb-caption-title-letter-spacing:var(--h2_typography-letter-spacing);\"><span class=\" fusion-imageframe imageframe-none imageframe-1 hover-type-none has-aspect-ratio\" style=\"border-radius:0px 0px 50px 0px;\"><img decoding=\"async\" width=\"1200\" height=\"900\" alt=\"Beylikd\u00fcz\u00fc Havaland\u0131rma Sistemleri\" title=\"Beylikdu\u0308zu\u0308 Havaland\u0131rma Sistemleri\" src=\"https:\/\/volkanhavalandirma.com\/wp-content\/uploads\/2024\/07\/Beylikduzu-Havalandirma-Sistemleri.webp\" data-orig-src=\"https:\/\/volkanhavalandirma.com\/wp-content\/uploads\/2024\/07\/Beylikduzu-Havalandirma-Sistemleri.webp\" class=\"lazyload img-responsive wp-image-3835 img-with-aspect-ratio\" data-parent-fit=\"cover\" data-parent-container=\".fusion-image-element\" srcset=\"data:image\/svg+xml,%3Csvg%20xmlns%3D%27http%3A%2F%2Fwww.w3.org%2F2000%2Fsvg%27%20width%3D%271200%27%20height%3D%27900%27%20viewBox%3D%270%200%201200%20900%27%3E%3Crect%20width%3D%271200%27%20height%3D%27900%27%20fill-opacity%3D%220%22%2F%3E%3C%2Fsvg%3E\" data-srcset=\"https:\/\/volkanhavalandirma.com\/wp-content\/uploads\/2024\/07\/Beylikduzu-Havalandirma-Sistemleri-200x150.webp 200w, https:\/\/volkanhavalandirma.com\/wp-content\/uploads\/2024\/07\/Beylikduzu-Havalandirma-Sistemleri-400x300.webp 400w, https:\/\/volkanhavalandirma.com\/wp-content\/uploads\/2024\/07\/Beylikduzu-Havalandirma-Sistemleri-600x450.webp 600w, https:\/\/volkanhavalandirma.com\/wp-content\/uploads\/2024\/07\/Beylikduzu-Havalandirma-Sistemleri-800x600.webp 800w, https:\/\/volkanhavalandirma.com\/wp-content\/uploads\/2024\/07\/Beylikduzu-Havalandirma-Sistemleri.webp 1200w\" data-sizes=\"auto\" data-orig-sizes=\"(max-width: 850px) 100vw, 800px\" \/><\/span><\/div><\/div><\/div><div class=\"fusion-layout-column fusion_builder_column fusion-builder-column-1 fusion_builder_column_1_2 1_2 fusion-flex-column\" style=\"--awb-bg-size:cover;--awb-width-large:50%;--awb-margin-top-large:0px;--awb-spacing-right-large:3.84%;--awb-margin-bottom-large:20px;--awb-spacing-left-large:3.84%;--awb-width-medium:50%;--awb-order-medium:0;--awb-spacing-right-medium:3.84%;--awb-spacing-left-medium:3.84%;--awb-width-small:100%;--awb-order-small:0;--awb-spacing-right-small:1.92%;--awb-spacing-left-small:1.92%;\"><div class=\"fusion-column-wrapper fusion-column-has-shadow fusion-flex-justify-content-flex-start fusion-content-layout-column\"><div class=\"fusion-text fusion-text-1 fusion-text-no-margin\" style=\"--awb-font-size:19px;--awb-text-transform:capitalize;--awb-text-color:var(--awb-color5);--awb-margin-bottom:0px;\"><p>Cleaner and More Comfortable Environments with Expert Solutions<\/p>\n<\/div><div class=\"fusion-separator\" style=\"align-self: flex-start;margin-right:auto;width:100%;max-width:282px;\"><div class=\"fusion-separator-border sep-single sep-dotted\" style=\"--awb-height:20px;--awb-amount:20px;--awb-sep-color:var(--awb-color4);border-color:var(--awb-color4);border-top-width:1px;\"><\/div><\/div><div class=\"fusion-title title fusion-title-1 fusion-sep-none fusion-title-text fusion-title-size-two\" style=\"--awb-margin-top:20px;--awb-margin-top-small:10px;--awb-margin-right-small:0px;--awb-margin-bottom-small:10px;--awb-margin-left-small:0px;\"><h2 class=\"fusion-title-heading title-heading-left\" style=\"margin:0;\">Ventilation Systems Solutions<\/h2><\/div><div class=\"fusion-text fusion-text-2 fusion-text-no-margin\" style=\"--awb-margin-top:6px;--awb-margin-bottom:30px;\"><p>It is the process of transferring the fresh air outside to the indoor environment by using various methods in order to make the dirty air of the indoor areas cleaner and creating air circulation by transferring the dirty air in the indoor environment to the outdoor environment. It is through establishing a good ventilation system to expel unwanted bad air to the outside and to transfer fresh air to the indoor environment.<br \/>\nWork areas, workplaces, hospitals, hospitals, schools, shopping malls, etc. Ventilation of indoor environments such as ventilation is absolutely essential. However, ventilation provides very limited protection against dangerous gases, dust, vapours and fumes.<br \/>\nAn effective ventilation system provides a chemical-free, clean breathing environment for those in the closed environment.<\/p>\n<\/div><\/div><\/div><div class=\"fusion-layout-column fusion_builder_column fusion-builder-column-2 fusion_builder_column_1_1 1_1 fusion-flex-column\" style=\"--awb-bg-size:cover;--awb-width-large:100%;--awb-margin-top-large:20px;--awb-spacing-right-large:1.92%;--awb-margin-bottom-large:20px;--awb-spacing-left-large:1.92%;--awb-width-medium:100%;--awb-order-medium:0;--awb-spacing-right-medium:1.92%;--awb-spacing-left-medium:1.92%;--awb-width-small:100%;--awb-order-small:0;--awb-spacing-right-small:1.92%;--awb-spacing-left-small:1.92%;\" data-scroll-devices=\"small-visibility,medium-visibility,large-visibility\"><div class=\"fusion-column-wrapper fusion-column-has-shadow fusion-flex-justify-content-flex-start fusion-content-layout-column\"><div class=\"fusion-text fusion-text-3 fusion-text-no-margin\" style=\"--awb-margin-top:6px;--awb-margin-bottom:30px;\"><p>Our company, which serves our valued customers as &#8220;<strong>Volkan Ventilation<\/strong>&#8221; with its experienced staff of more than 22+ years in the field of ventilation systems of all kinds of indoor environments, starts with the exploration of your environment for your needs and expectations, then the projecting process is carried out, project approval and price offer are presented to our valued customers, after your approval, the manufacturing stage is started, the finished parts are assembled by our expert assembly team and after the necessary tests are carried out, the ventilation system is commissioned and the indoor area you are in is brought together with fresh air.<\/p>\n<\/div><\/div><\/div><\/div><\/div><div class=\"fusion-fullwidth fullwidth-box fusion-builder-row-2 fusion-flex-container has-pattern-background has-mask-background nonhundred-percent-fullwidth non-hundred-percent-height-scrolling\" style=\"--awb-border-radius-top-left:0px;--awb-border-radius-top-right:0px;--awb-border-radius-bottom-right:0px;--awb-border-radius-bottom-left:0px;--awb-padding-top:120px;--awb-padding-bottom:120px;--awb-background-color:var(--awb-color2);--awb-flex-wrap:wrap;\" ><div class=\"awb-background-mask\" style=\"background-image:  url(data:image\/svg+xml;utf8,%3Csvg%20width%3D%221920%22%20height%3D%22954%22%20fill%3D%22none%22%20xmlns%3D%22http%3A%2F%2Fwww.w3.org%2F2000%2Fsvg%22%3E%3Cg%20clip-path%3D%22url%28%23prefix__clip0_58_787%29%22%20fill-rule%3D%22evenodd%22%20clip-rule%3D%22evenodd%22%20fill%3D%22rgba%28217%2C220%2C237%2C1%29%22%3E%3Cpath%20d%3D%22M1660.78-198.081c41-37.158%20104.32-33.985%20141.42%207.087%20110.48%20122.305%20170.1%20282.332%20166.66%20447.27-3.44%20164.938-69.67%20322.331-185.14%20439.906-115.49%20117.578-271.47%20186.426-435.99%20192.395-164.52%205.968-325.06-51.397-448.719-160.304-41.528-36.574-45.591-99.941-9.074-141.535%2036.517-41.593%2099.784-45.662%20141.313-9.088%2085.25%2075.079%20195.89%20114.598%20309.23%20110.486%20113.35-4.112%20220.85-51.546%20300.47-132.611%2079.63-81.068%20125.32-189.63%20127.7-303.434%202.37-113.804-38.77-224.188-114.95-308.523-37.1-41.072-33.93-104.49%207.08-141.649z%22%2F%3E%3Cpath%20d%3D%22M1544.89%2037.429c50.71-22.192%20109.79.947%20131.97%2051.683a383.79%20383.79%200%200110.87%20279.732c-31.73%2091.288-96.71%20167.233-181.94%20212.762a384.921%20384.921%200%2001-278%2033.06c-93.53-24.262-174.53-82.823-226.82-164.088-29.965-46.559-16.532-108.606%2030-138.586%2046.53-29.979%20108.54-16.538%20138.51%2030.021%2024.99%2038.834%2063.75%2066.898%20108.61%2078.536a184.603%20184.603%200%2000133.31-15.847c40.83-21.815%2071.88-58.154%2087.03-101.727a183.148%20183.148%200%2000-5.19-133.5c-22.18-50.735.95-109.854%2051.65-132.046z%22%2F%3E%3C%2Fg%3E%3Cdefs%3E%3CclipPath%20id%3D%22prefix__clip0_58_787%22%3E%3Cpath%20fill%3D%22%23fff%22%20d%3D%22M0%200h1920v954H0z%22%2F%3E%3C%2FclipPath%3E%3C%2Fdefs%3E%3C%2Fsvg%3E);opacity: 0.2 ;transform: scale(1, -1);mix-blend-mode:normal;\"><\/div><div class=\"fusion-builder-row fusion-row fusion-flex-align-items-flex-start fusion-flex-content-wrap\" style=\"max-width:1372.8px;margin-left: calc(-4% \/ 2 );margin-right: calc(-4% \/ 2 );\"><div class=\"fusion-layout-column fusion_builder_column fusion-builder-column-3 fusion_builder_column_4_5 4_5 fusion-flex-column\" style=\"--awb-bg-size:cover;--awb-width-large:80%;--awb-margin-top-large:0px;--awb-spacing-right-large:2.4%;--awb-margin-bottom-large:20px;--awb-spacing-left-large:2.4%;--awb-width-medium:80%;--awb-order-medium:0;--awb-spacing-right-medium:2.4%;--awb-spacing-left-medium:2.4%;--awb-width-small:100%;--awb-order-small:0;--awb-spacing-right-small:1.92%;--awb-spacing-left-small:1.92%;\"><div class=\"fusion-column-wrapper fusion-column-has-shadow fusion-flex-justify-content-flex-start fusion-content-layout-column\"><div class=\"fusion-text fusion-text-4 sm-text-align-center fusion-text-no-margin\" style=\"--awb-font-size:18px;--awb-text-transform:capitalize;--awb-text-color:var(--awb-color7);--awb-margin-bottom:0px;\"><p>Do you want to make your living spaces more comfortable?<\/p>\n<\/div><div class=\"fusion-separator fusion-no-small-visibility\" style=\"align-self: flex-start;margin-right:auto;margin-bottom:10px;width:100%;max-width:60%;\"><div class=\"fusion-separator-border sep-single sep-dotted\" style=\"--awb-height:20px;--awb-amount:20px;--awb-sep-color:var(--awb-color4);border-color:var(--awb-color4);border-top-width:1px;\"><\/div><\/div><div class=\"fusion-text fusion-text-5\" style=\"--awb-font-size:24px;--awb-letter-spacing:-0.5px;--awb-text-font-family:&quot;Open Sans&quot;;--awb-text-font-style:normal;--awb-text-font-weight:600;\"><p>Contact us for all your questions and requests regarding ventilation systems!<\/p>\n<\/div><\/div><\/div><div class=\"fusion-layout-column fusion_builder_column fusion-builder-column-4 fusion_builder_column_1_5 1_5 fusion-flex-column\" style=\"--awb-bg-size:cover;--awb-width-large:20%;--awb-margin-top-large:0px;--awb-spacing-right-large:9.6%;--awb-margin-bottom-large:20px;--awb-spacing-left-large:9.6%;--awb-width-medium:20%;--awb-order-medium:0;--awb-spacing-right-medium:9.6%;--awb-spacing-left-medium:9.6%;--awb-width-small:100%;--awb-order-small:0;--awb-spacing-right-small:1.92%;--awb-spacing-left-small:1.92%;\"><div class=\"fusion-column-wrapper fusion-column-has-shadow fusion-flex-justify-content-flex-start fusion-content-layout-column\"><div ><a class=\"fusion-button button-flat fusion-button-default-size button-default fusion-button-default button-1 fusion-button-default-span fusion-button-default-type\" style=\"--awb-margin-top:20px;--awb-padding-top:15px;--awb-padding-right:30px;--awb-padding-bottom:15px;--awb-padding-left:30px;--button_bevel_color:var(--awb-color5);--button_bevel_color_hover:var(--awb-color8);--button_text_transform:var(--awb-typography3-text-transform);--button_font_size:var(--awb-typography3-font-size);--button_line_height:var(--awb-typography3-line-height);--button_typography-letter-spacing:var(--awb-typography3-letter-spacing);--button_typography-font-family:var(--awb-typography3-font-family);--button_typography-font-weight:var(--awb-typography3-font-weight);--button_typography-font-style:var(--awb-typography3-font-style);\" target=\"_self\" data-hover=\"icon_slide\" href=\"\/en\/contact-us\"><span class=\"fusion-button-text awb-button__text awb-button__text--default\">Contact Us!<\/span><i class=\"awb-business-long-arrow-alt-right-solid awb-button__icon awb-button__icon--default button-icon-right\" aria-hidden=\"true\"><\/i><\/a><\/div><\/div><\/div><\/div><\/div>\n<\/p>\n","protected":false},"excerpt":{"rendered":"","protected":false},"author":1,"featured_media":3629,"parent":0,"menu_order":0,"comment_status":"closed","ping_status":"closed","template":"100-width.php","meta":{"footnotes":""},"class_list":["post-3770","page","type-page","status-publish","has-post-thumbnail","hentry"],"_links":{"self":[{"href":"https:\/\/volkanhavalandirma.com\/en\/wp-json\/wp\/v2\/pages\/3770","targetHints":{"allow":["GET"]}}],"collection":[{"href":"https:\/\/volkanhavalandirma.com\/en\/wp-json\/wp\/v2\/pages"}],"about":[{"href":"https:\/\/volkanhavalandirma.com\/en\/wp-json\/wp\/v2\/types\/page"}],"author":[{"embeddable":true,"href":"https:\/\/volkanhavalandirma.com\/en\/wp-json\/wp\/v2\/users\/1"}],"replies":[{"embeddable":true,"href":"https:\/\/volkanhavalandirma.com\/en\/wp-json\/wp\/v2\/comments?post=3770"}],"version-history":[{"count":4,"href":"https:\/\/volkanhavalandirma.com\/en\/wp-json\/wp\/v2\/pages\/3770\/revisions"}],"predecessor-version":[{"id":3977,"href":"https:\/\/volkanhavalandirma.com\/en\/wp-json\/wp\/v2\/pages\/3770\/revisions\/3977"}],"wp:featuredmedia":[{"embeddable":true,"href":"https:\/\/volkanhavalandirma.com\/en\/wp-json\/wp\/v2\/media\/3629"}],"wp:attachment":[{"href":"https:\/\/volkanhavalandirma.com\/en\/wp-json\/wp\/v2\/media?parent=3770"}],"curies":[{"name":"wp","href":"https:\/\/api.w.org\/{rel}","templated":true}]}}